{"id":38,"date":"2015-01-21T20:01:53","date_gmt":"2015-01-21T19:01:53","guid":{"rendered":"https:\/\/notariaindependencia21.es\/?page_id=38"},"modified":"2018-03-04T11:25:06","modified_gmt":"2018-03-04T10:25:06","slug":"el-notario","status":"publish","type":"page","link":"https:\/\/notariaindependencia21.es\/?page_id=38","title":{"rendered":"El Notario"},"content":{"rendered":"<p><strong>Bienvenidos: Somos Pedro\u00a0Mart\u00ednez Viamonte y Luis Arturo P\u00e9rez Collados<\/strong>. \u00a0<strong>Notarios de Zaragoza.<\/strong><\/p>\n<p><img decoding=\"async\" loading=\"lazy\" class=\"alignnone size-medium wp-image-340\" src=\"https:\/\/notariaindependencia21.es\/wp-content\/uploads\/2018\/03\/PAR1-300x216.jpg\" alt=\"\" width=\"300\" height=\"216\" srcset=\"https:\/\/notariaindependencia21.es\/wp-content\/uploads\/2018\/03\/PAR1-300x216.jpg 300w, https:\/\/notariaindependencia21.es\/wp-content\/uploads\/2018\/03\/PAR1.jpg 1976w\" sizes=\"(max-width: 300px) 100vw, 300px\" \/><\/p>\n<p style=\"text-align: justify;\">El Notario es un funcionario p\u00fablico del Estado que garantiza a los ciudadanos la seguridad jur\u00eddica que necesitan en sus relaciones particulares, ya pertenezcan al \u00e1mbito empresarial, personal, contractual o familiar. Adem\u00e1s de controlar y asegurar la legalidad mediante la escritura p\u00fablica, el notario cumple una importante funci\u00f3n de consejo y asesoramiento imparcial. Solo cuando una persona conoce toda la informaci\u00f3n puede prestar su consentimiento de forma plena.<\/p>\n<p>&nbsp;<\/p>\n<p>&nbsp;<\/p>\n<p>&nbsp;<\/p>\n<p>&nbsp;<\/p>\n<p>&nbsp;<\/p>\n","protected":false},"excerpt":{"rendered":"<p>Bienvenidos: Somos Pedro\u00a0Mart\u00ednez Viamonte y Luis Arturo P\u00e9rez Collados. \u00a0Notarios de Zaragoza. El Notario es un funcionario p\u00fablico del Estado que garantiza a los ciudadanos la seguridad jur\u00eddica que necesitan en sus relaciones particulares, ya pertenezcan al \u00e1mbito empresarial, personal, contractual o familiar. Adem\u00e1s de controlar y asegurar la legalidad mediante la escritura p\u00fablica, el [&hellip;]<\/p>\n","protected":false},"author":1,"featured_media":340,"parent":0,"menu_order":0,"comment_status":"closed","ping_status":"open","template":"","meta":{"_genesis_hide_title":false,"_genesis_hide_breadcrumbs":false,"_genesis_hide_singular_image":false,"_genesis_hide_footer_widgets":false,"_genesis_custom_body_class":"","_genesis_custom_post_class":"","_genesis_layout":""},"_links":{"self":[{"href":"https:\/\/notariaindependencia21.es\/index.php?rest_route=\/wp\/v2\/pages\/38"}],"collection":[{"href":"https:\/\/notariaindependencia21.es\/index.php?rest_route=\/wp\/v2\/pages"}],"about":[{"href":"https:\/\/notariaindependencia21.es\/index.php?rest_route=\/wp\/v2\/types\/page"}],"author":[{"embeddable":true,"href":"https:\/\/notariaindependencia21.es\/index.php?rest_route=\/wp\/v2\/users\/1"}],"replies":[{"embeddable":true,"href":"https:\/\/notariaindependencia21.es\/index.php?rest_route=%2Fwp%2Fv2%2Fcomments&post=38"}],"version-history":[{"count":9,"href":"https:\/\/notariaindependencia21.es\/index.php?rest_route=\/wp\/v2\/pages\/38\/revisions"}],"predecessor-version":[{"id":353,"href":"https:\/\/notariaindependencia21.es\/index.php?rest_route=\/wp\/v2\/pages\/38\/revisions\/353"}],"wp:featuredmedia":[{"embeddable":true,"href":"https:\/\/notariaindependencia21.es\/index.php?rest_route=\/wp\/v2\/media\/340"}],"wp:attachment":[{"href":"https:\/\/notariaindependencia21.es\/index.php?rest_route=%2Fwp%2Fv2%2Fmedia&parent=38"}],"curies":[{"name":"wp","href":"https:\/\/api.w.org\/{rel}","templated":true}]}}