{"id":109,"date":"2015-01-23T13:16:04","date_gmt":"2015-01-23T12:16:04","guid":{"rendered":"https:\/\/notariaindependencia21.es\/?page_id=109"},"modified":"2018-03-03T14:36:40","modified_gmt":"2018-03-03T13:36:40","slug":"herencias","status":"publish","type":"page","link":"https:\/\/notariaindependencia21.es\/?page_id=109","title":{"rendered":"Herencias"},"content":{"rendered":"<p><img decoding=\"async\" loading=\"lazy\" class=\"size-medium wp-image-349 aligncenter\" src=\"https:\/\/notariaindependencia21.es\/wp-content\/uploads\/2018\/03\/TRIO1-300x225.jpg\" alt=\"\" width=\"300\" height=\"225\" srcset=\"https:\/\/notariaindependencia21.es\/wp-content\/uploads\/2018\/03\/TRIO1-300x225.jpg 300w, https:\/\/notariaindependencia21.es\/wp-content\/uploads\/2018\/03\/TRIO1-2048x1536.jpg 2048w\" sizes=\"(max-width: 300px) 100vw, 300px\" \/><\/p>\n<p>&nbsp;<\/p>\n<p style=\"text-align: justify;\">Tras el fallecimiento de una persona, lo primero que hay que averiguar desde el punto de vista sucesorio es si hab\u00eda otorgado <strong>testamento.<\/strong> Para ello y con el correspondiente certificado de defunci\u00f3n, se env\u00eda una solicitud al Registro General de Actos de \u00daltima Voluntad, que emitir\u00e1 su certificado siempre que hayan transcurrido al menos quince d\u00edas h\u00e1biles desde la fecha del fallecimiento. Esta gesti\u00f3n se puede hacer a trav\u00e9s de una notar\u00eda, personalmente o a trav\u00e9s de internet en el siguiente <a href=\"http:\/\/www.mjusticia.gob.es\/cs\/Satellite\/es\/1200666550200\/Tramite_C\/1214483963297\/Detalle.html\" target=\"_blank\" rel=\"noopener\">enlace<\/a>.\u00a0 Si la persona fallecida hab\u00eda otorgado testamento, el certificado indicar\u00e1 la fecha del mismo y el notario autorizante, con lo que cualquier persona con inter\u00e9s leg\u00edtimo (los beneficiados por el testamento o los que lo ser\u00edan si es nulo) puede pedir copia en la notar\u00eda indicada.<\/p>\n<p style=\"text-align: justify;\">Si no hab\u00eda otorgado testamento, la Ley designa quienes van a ser herederos del fallecido por orden excluyente: los descendientes (hijos, nietos&#8230;), los ascendientes (padres, abuelos&#8230;), el c\u00f3nyuge y los parientes colaterales (hermanos, t\u00edos, sobrinos, primos,&#8230;). Si no existen parientes dentro del l\u00edmite marcado por la ley heredar\u00e1 el Estado o la CC.AA correspondiente. Al no existir testamento es necesario formalizar una <strong>Declaraci\u00f3n de Herederos<\/strong>, que se formalizar\u00e1 ante el notario del lugar de residencia del fallecido si los herederos son descendientes, ascendientes o el c\u00f3nyuge, o ante el juez competente en los dem\u00e1s casos.<\/p>\n<p style=\"text-align: justify;\">Una vez obtenido el t\u00edtulo sucesorio, testamento o Declaraci\u00f3n de Herederos, se formalizar\u00e1 la <strong>aceptaci\u00f3n de la herencia<\/strong> ante notario. Habr\u00e1 que aportar las escrituras de las propiedades inmobiliarias y el certificado bancario de los saldos o productos financieros existentes a fecha de fallecimiento del causante. En la Notar\u00eda tambi\u00e9n se solicitar\u00e1 el certificado de seguros de vida que pudiera tener el fallecido.<\/p>\n<p style=\"text-align: justify;\">Se puede <strong>renunciar a la herencia<\/strong>, ante notario o ante el juez si se ha iniciado procedimiento judicial. No es posible la renuncia \u00abde parte\u00bb de una herencia. Debe ser total. Y adem\u00e1s es irrevocable. Pero es posible, a pesar de la renuncia a la herencia, recibir un legado concreto.<\/p>\n<p style=\"text-align: justify;\">Desde el punto de vista fiscal, es necesario declarar la herencia en el plazo de seis meses, a los efectos del I<strong>mpuesto de Sucesiones<\/strong> y la <strong>Plusval\u00eda municipal\u00a0<\/strong>en su caso.<\/p>\n<p style=\"text-align: justify;\">Cualquier notario le informar\u00e1 sobre estos tr\u00e1mites o las dudas que pudiera tener en la formalizaci\u00f3n de una herencia.<\/p>\n<p>&nbsp;<\/p>\n","protected":false},"excerpt":{"rendered":"<p>&nbsp; Tras el fallecimiento de una persona, lo primero que hay que averiguar desde el punto de vista sucesorio es si hab\u00eda otorgado testamento. Para ello y con el correspondiente certificado de defunci\u00f3n, se env\u00eda una solicitud al Registro General de Actos de \u00daltima Voluntad, que emitir\u00e1 su certificado siempre que hayan transcurrido al menos [&hellip;]<\/p>\n","protected":false},"author":5,"featured_media":349,"parent":0,"menu_order":0,"comment_status":"closed","ping_status":"open","template":"","meta":{"_genesis_hide_title":false,"_genesis_hide_breadcrumbs":false,"_genesis_hide_singular_image":false,"_genesis_hide_footer_widgets":false,"_genesis_custom_body_class":"","_genesis_custom_post_class":"","_genesis_layout":""},"_links":{"self":[{"href":"https:\/\/notariaindependencia21.es\/index.php?rest_route=\/wp\/v2\/pages\/109"}],"collection":[{"href":"https:\/\/notariaindependencia21.es\/index.php?rest_route=\/wp\/v2\/pages"}],"about":[{"href":"https:\/\/notariaindependencia21.es\/index.php?rest_route=\/wp\/v2\/types\/page"}],"author":[{"embeddable":true,"href":"https:\/\/notariaindependencia21.es\/index.php?rest_route=\/wp\/v2\/users\/5"}],"replies":[{"embeddable":true,"href":"https:\/\/notariaindependencia21.es\/index.php?rest_route=%2Fwp%2Fv2%2Fcomments&post=109"}],"version-history":[{"count":9,"href":"https:\/\/notariaindependencia21.es\/index.php?rest_route=\/wp\/v2\/pages\/109\/revisions"}],"predecessor-version":[{"id":350,"href":"https:\/\/notariaindependencia21.es\/index.php?rest_route=\/wp\/v2\/pages\/109\/revisions\/350"}],"wp:featuredmedia":[{"embeddable":true,"href":"https:\/\/notariaindependencia21.es\/index.php?rest_route=\/wp\/v2\/media\/349"}],"wp:attachment":[{"href":"https:\/\/notariaindependencia21.es\/index.php?rest_route=%2Fwp%2Fv2%2Fmedia&parent=109"}],"curies":[{"name":"wp","href":"https:\/\/api.w.org\/{rel}","templated":true}]}}